{"id":300,"date":"2020-11-05T14:23:06","date_gmt":"2020-11-05T14:23:06","guid":{"rendered":"http:\/\/sbragro.com\/en\/?page_id=300"},"modified":"2021-04-06T15:32:14","modified_gmt":"2021-04-06T15:32:14","slug":"contacts","status":"publish","type":"page","link":"https:\/\/sbragro.com\/en\/contacts\/","title":{"rendered":"Contacts"},"content":{"rendered":"\n\t<section class=\"section\" id=\"section_487564977\">\n\t\t<div class=\"bg section-bg fill bg-fill  \" >\n\n\t\t\t\n\t\t\t\n\t\t\t\n\n\t\t<\/div>\n\n\t\t<div class=\"section-content relative\">\n\t\t\t\n\n<div class=\"row\"  id=\"row-377288369\">\n\n\n\t<div id=\"col-1782921097\" class=\"col small-12 large-12\"  >\n\t\t<div class=\"col-inner box-shadow-3\"  >\n\t\t\t\n\t\t\t\n\n\t<div id=\"gap-1795957975\" class=\"gap-element clearfix\" style=\"display:block; height:auto;\">\n\t\t\n<style>\n#gap-1795957975 {\n  padding-top: 35px;\n}\n<\/style>\n\t<\/div>\n\t\n\n\n  <div class=\"banner has-hover is-full-height\" id=\"banner-1483642812\">\n          <div class=\"banner-inner fill\">\n        <div class=\"banner-bg fill\" >\n            <div class=\"bg fill bg-fill \"><\/div>\n                                    \n                    <\/div>\n        <div class=\"banner-layers container\">\n            <div class=\"fill banner-link\"><\/div>            \n\n   <div id=\"text-box-84946866\" class=\"text-box banner-layer x50 md-x10 lg-x10 y10 md-y15 lg-y15 res-text\">\n                                <div class=\"text \">\n              \n              <div class=\"text-inner text-center\">\n                  \n\n\t<div id=\"gap-961061498\" class=\"gap-element clearfix\" style=\"display:block; height:auto;\">\n\t\t\n<style>\n#gap-961061498 {\n  padding-top: 15px;\n}\n<\/style>\n\t<\/div>\n\t\n\n<h3 class=\"uppercase\" style=\"text-align: left;\"><span style=\"font-size: 18.144px;\"><b><span class=\"fancy-underline\">CONTACT<\/span><\/b><\/span><\/h3>\n<p style=\"text-align: left;\"><strong>SBR TARIM \u00dcR\u00dcNLER\u0130 GIDA SAN. VE T\u0130C. A.\u015e.<\/strong><\/p>\n<p style=\"text-align: left;\">ADRESS: Atayurt Mahallesi Hal Caddesi No:14 Silifke\/Mersin<\/p>\n<p style=\"text-align: left;\">Tel: 0324 721 21 17<\/p>\n<p style=\"text-align: left;\">Fax: 0324 721 22 17<\/p>\n<p style=\"text-align: left;\">E-mail: info@sbragro.com<\/p>\n<p style=\"text-align: left;\">\u00a0<\/p>\n<div class=\"social-icons follow-icons\" ><a href=\"x\" target=\"_blank\"  data-label=\"Twitter\"  rel=\"noopener noreferrer nofollow\" class=\"icon plain  twitter tooltip\" title=\"Follow on Twitter\"><i class=\"icon-twitter\" ><\/i><\/a><a href=\"mailto:x\" data-label=\"E-mail\"  rel=\"nofollow\" class=\"icon plain  email tooltip\" title=\"Send us an email\"><i class=\"icon-envelop\" ><\/i><\/a><a href=\"x\" target=\"_blank\" rel=\"noopener noreferrer nofollow\"  data-label=\"Pinterest\"  class=\"icon plain  pinterest tooltip\" title=\"Follow on Pinterest\"><i class=\"icon-pinterest\" ><\/i><\/a><a href=\"x\" target=\"_blank\" rel=\"noopener noreferrer nofollow\" data-label=\"LinkedIn\" class=\"icon plain  linkedin tooltip\" title=\"Follow on LinkedIn\"><i class=\"icon-linkedin\" ><\/i><\/a><\/div>\n\n\n              <\/div>\n           <\/div>\n                            \n<style>\n#text-box-84946866 {\n  width: 69%;\n}\n#text-box-84946866 .text {\n  font-size: 100%;\n}\n@media (min-width:550px) {\n  #text-box-84946866 {\n    width: 38%;\n  }\n}\n<\/style>\n    <\/div>\n \n   <div id=\"text-box-1848891517\" class=\"text-box banner-layer x50 md-x90 lg-x90 y90 md-y50 lg-y50 res-text\">\n                                <div class=\"text \">\n              \n              <div class=\"text-inner text-left\">\n                  \n\n<div class=\"container section-title-container\" ><h3 class=\"section-title section-title-normal\"><b><\/b><span class=\"section-title-main\" >Concact Form<\/span><b><\/b><\/h3><\/div>\n\n<div role=\"form\" class=\"wpcf7\" id=\"wpcf7-f468-o1\" lang=\"tr-TR\" dir=\"ltr\">\n<div class=\"screen-reader-response\"><p role=\"status\" aria-live=\"polite\" aria-atomic=\"true\"><\/p> <ul><\/ul><\/div>\n<form action=\"\/en\/wp-json\/wp\/v2\/pages\/300#wpcf7-f468-o1\" method=\"post\" class=\"wpcf7-form init\" novalidate=\"novalidate\" data-status=\"init\">\n<div style=\"display: none;\">\n<input type=\"hidden\" name=\"_wpcf7\" value=\"468\" \/>\n<input type=\"hidden\" name=\"_wpcf7_version\" value=\"5.4\" \/>\n<input type=\"hidden\" name=\"_wpcf7_locale\" value=\"tr_TR\" \/>\n<input type=\"hidden\" name=\"_wpcf7_unit_tag\" value=\"wpcf7-f468-o1\" \/>\n<input type=\"hidden\" name=\"_wpcf7_container_post\" value=\"0\" \/>\n<input type=\"hidden\" name=\"_wpcf7_posted_data_hash\" value=\"\" \/>\n<\/div>\n<p>Name - Surname :<span class=\"wpcf7-form-control-wrap KisiAdSoyad\"><input type=\"text\" name=\"KisiAdSoyad\" value=\"\" size=\"40\" class=\"wpcf7-form-control wpcf7-text wpcf7-validates-as-required\" aria-required=\"true\" aria-invalid=\"false\" \/><\/span> <br\/><br \/>\n        Phone Number: <span class=\"wpcf7-form-control-wrap Telefon_numarasi\"><input type=\"tel\" name=\"Telefon_numarasi\" value=\"\" size=\"40\" class=\"wpcf7-form-control wpcf7-text wpcf7-tel wpcf7-validates-as-required wpcf7-validates-as-tel\" aria-required=\"true\" aria-invalid=\"false\" \/><\/span><br\/><br \/>\n        E-Mail :<span class=\"wpcf7-form-control-wrap your-email\"><input type=\"email\" name=\"your-email\" value=\"\" size=\"40\" class=\"wpcf7-form-control wpcf7-text wpcf7-email wpcf7-validates-as-required wpcf7-validates-as-email\" aria-required=\"true\" aria-invalid=\"false\" \/><\/span><br\/><br \/>\n        Information subject: <span class=\"wpcf7-form-control-wrap Bilgi_istenilen_konu\"><textarea name=\"Bilgi_istenilen_konu\" cols=\"40\" rows=\"10\" class=\"wpcf7-form-control wpcf7-textarea wpcf7-validates-as-required\" aria-required=\"true\" aria-invalid=\"false\"><\/textarea><\/span><br\/><br \/>\n<input type=\"submit\" value=\"Submit\" class=\"wpcf7-form-control wpcf7-submit\" \/><\/p>\n<div class=\"wpcf7-response-output\" aria-hidden=\"true\"><\/div><\/form><\/div>\n\n\n              <\/div>\n           <\/div>\n                            \n<style>\n#text-box-1848891517 {\n  width: 75%;\n}\n#text-box-1848891517 .text {\n  font-size: 100%;\n}\n@media (min-width:550px) {\n  #text-box-1848891517 {\n    width: 36%;\n  }\n}\n<\/style>\n    <\/div>\n \n\n        <\/div>\n      <\/div>\n\n            \n<style>\n#banner-1483642812 {\n  padding-top: 600px;\n  background-color: rgba(255, 255, 255, 0.91);\n}\n@media (min-width:550px) {\n  #banner-1483642812 {\n    padding-top: 100%;\n  }\n}\n<\/style>\n  <\/div>\n\n\n\n\t\t<\/div>\n\t\t\t<\/div>\n\n\t\n\n<\/div>\n\n\t\t<\/div>\n\n\t\t\n<style>\n#section_487564977 {\n  padding-top: 30px;\n  padding-bottom: 30px;\n}\n#section_487564977 .section-bg.bg-loaded {\n  background-image: url(https:\/\/sbragro.com\/en\/wp-content\/uploads\/2020\/11\/sbragro-scaled.jpg);\n}\n#section_487564977 .section-bg {\n  background-position: 80% 61%;\n}\n<\/style>\n\t<\/section>\n\t\n\n","protected":false},"excerpt":{"rendered":"","protected":false},"author":1,"featured_media":0,"parent":0,"menu_order":0,"comment_status":"closed","ping_status":"closed","template":"page-blank.php","meta":[],"_links":{"self":[{"href":"https:\/\/sbragro.com\/en\/wp-json\/wp\/v2\/pages\/300"}],"collection":[{"href":"https:\/\/sbragro.com\/en\/wp-json\/wp\/v2\/pages"}],"about":[{"href":"https:\/\/sbragro.com\/en\/wp-json\/wp\/v2\/types\/page"}],"author":[{"embeddable":true,"href":"https:\/\/sbragro.com\/en\/wp-json\/wp\/v2\/users\/1"}],"replies":[{"embeddable":true,"href":"https:\/\/sbragro.com\/en\/wp-json\/wp\/v2\/comments?post=300"}],"version-history":[{"count":12,"href":"https:\/\/sbragro.com\/en\/wp-json\/wp\/v2\/pages\/300\/revisions"}],"predecessor-version":[{"id":597,"href":"https:\/\/sbragro.com\/en\/wp-json\/wp\/v2\/pages\/300\/revisions\/597"}],"wp:attachment":[{"href":"https:\/\/sbragro.com\/en\/wp-json\/wp\/v2\/media?parent=300"}],"curies":[{"name":"wp","href":"https:\/\/api.w.org\/{rel}","templated":true}]}}