{"id":238,"date":"2020-11-05T13:49:13","date_gmt":"2020-11-05T13:49:13","guid":{"rendered":"http:\/\/sbragro.com\/en\/?page_id=238"},"modified":"2021-03-11T13:40:20","modified_gmt":"2021-03-11T13:40:20","slug":"history","status":"publish","type":"page","link":"https:\/\/sbragro.com\/en\/history\/","title":{"rendered":"History"},"content":{"rendered":"\n\t<section class=\"section\" id=\"section_983657406\">\n\t\t<div class=\"bg section-bg fill bg-fill  \" >\n\n\t\t\t\n\t\t\t<div class=\"section-bg-overlay absolute fill\"><\/div>\n\t\t\t\n\n\t\t<\/div>\n\n\t\t<div class=\"section-content relative\">\n\t\t\t\n\n<div class=\"row row-small align-middle\"  id=\"row-895454363\">\n\n\n\t<div id=\"col-806441276\" class=\"col small-12 large-12\"  >\n\t\t<div class=\"col-inner text-left\"  >\n\t\t\t\n\t\t\t\n\n<h1><strong><span class=\"fancy-underline\">History<\/span><\/strong><\/h1>\n<p>\u00a0<\/p>\n<p style=\"text-align: justify;\">\u00a0 <span style=\"color: #000000;\">The foundation of the company was first laid by Mehmet Y\u0131lmaz YALTIR and Ahmet \u00d6ZMEN, who started producing strawberry fruit in modern sense in Mersin province \/ Silifke district in 1990.<\/span><\/p>\n<p style=\"text-align: justify;\"><span style=\"color: #000000;\">\u00a0 \u00a0With the increase and development of production, the commercial title of the partnership was changed to \u00d6ZYAL TARIM A.\u015e. in 2007. In 2012, it merged with S\u0130L\u0130FKE TARIM A.\u015e., which has a cold storage and packaging facilities and as of now, it continues its activities under the title SBR TARIM \u00dcR\u00dcNLER\u0130 A.\u015e.<\/span><\/p>\n<p style=\"text-align: justify;\"><span style=\"color: #000000;\">\u00a0 In time, it started to produce blueberries, raspberries and blackberries, which we call berry fruits, in a modern sense. Preferring the soilless farming method in strawberry production, the company continues to produce healthy and hygienic products by expanding its production areas.<\/span><\/p>\n<p style=\"text-align: justify;\"><span style=\"color: #000000;\">\u00a0 In addition to this, it also carries out the production, trading, distribution and marketing of stone fruits. Moreover, founding cold storages, establishing special warehouses for the storage of agricultural products and managing them are the targets of the company.<\/span><\/p>\n<p style=\"text-align: justify;\"><span style=\"color: #000000;\">\u00a0 \u00a0The firm, which domestically markets its products through national markets, online sales service companies and markets also exports fruits to countries such as Russia, Romania, Poland, Dubai, Qatar, Azerbaijan, Georgia, Kazakhstan and Iraq, and earns foreign currency to our country.<\/span><\/p>\n\n\t\t<\/div>\n\t\t\t<\/div>\n\n\t\n\n<\/div>\n\n\t\t<\/div>\n\n\t\t\n<style>\n#section_983657406 {\n  padding-top: 60px;\n  padding-bottom: 60px;\n  background-color: rgb(193, 193, 193);\n}\n#section_983657406 .section-bg-overlay {\n  background-color: rgba(255, 255, 255, 0.88);\n}\n#section_983657406 .section-bg.bg-loaded {\n  background-image: url(https:\/\/sbragro.com\/en\/wp-content\/uploads\/2020\/11\/sbragro-scaled.jpg);\n}\n<\/style>\n\t<\/section>\n\t\n\n","protected":false},"excerpt":{"rendered":"","protected":false},"author":1,"featured_media":0,"parent":0,"menu_order":0,"comment_status":"closed","ping_status":"closed","template":"page-blank.php","meta":[],"_links":{"self":[{"href":"https:\/\/sbragro.com\/en\/wp-json\/wp\/v2\/pages\/238"}],"collection":[{"href":"https:\/\/sbragro.com\/en\/wp-json\/wp\/v2\/pages"}],"about":[{"href":"https:\/\/sbragro.com\/en\/wp-json\/wp\/v2\/types\/page"}],"author":[{"embeddable":true,"href":"https:\/\/sbragro.com\/en\/wp-json\/wp\/v2\/users\/1"}],"replies":[{"embeddable":true,"href":"https:\/\/sbragro.com\/en\/wp-json\/wp\/v2\/comments?post=238"}],"version-history":[{"count":9,"href":"https:\/\/sbragro.com\/en\/wp-json\/wp\/v2\/pages\/238\/revisions"}],"predecessor-version":[{"id":537,"href":"https:\/\/sbragro.com\/en\/wp-json\/wp\/v2\/pages\/238\/revisions\/537"}],"wp:attachment":[{"href":"https:\/\/sbragro.com\/en\/wp-json\/wp\/v2\/media?parent=238"}],"curies":[{"name":"wp","href":"https:\/\/api.w.org\/{rel}","templated":true}]}}